{"id":4,"date":"2015-09-17T21:04:36","date_gmt":"2015-09-17T19:04:36","guid":{"rendered":"http:\/\/xn--bigbandgrazsd-7ob.at\/?page_id=4"},"modified":"2018-12-05T11:47:26","modified_gmt":"2018-12-05T10:47:26","slug":"home","status":"publish","type":"page","link":"https:\/\/xn--bigbandgrazsd-7ob.at\/","title":{"rendered":"Home"},"content":{"rendered":"<div id=\"pl-4\"  class=\"panel-layout\" ><div id=\"pg-4-0\"  class=\"panel-grid panel-has-style\" ><div class=\"siteorigin-panels-stretch panel-row-style panel-row-style-for-4-0\" style=\"text-align: center;padding: 100px 0; \" data-stretch-type=\"full\" data-overlay=\"true\" ><div id=\"pgc-4-0-0\"  class=\"panel-grid-cell\" ><div id=\"panel-4-0-0-0\" class=\"so-panel widget widget_sow-editor panel-first-child\" data-index=\"0\" ><div style=\"text-align: left;\" data-title-color=\"#443f3f\" data-headings-color=\"#443f3f\" class=\"panel-widget-style panel-widget-style-for-4-0-0-0\" ><div class=\"so-widget-sow-editor so-widget-sow-editor-base\"><h3 class=\"widget-title\">BIG BAND GRAZ S\u00dcD<\/h3>\n<div class=\"siteorigin-widget-tinymce textwidget\">\n\t<p> Leidenschaft zur Musik verbindet 18 Musiker und 2 S\u00e4nger und lassen die magischen Momente der Golden Swing \u00c4ra wieder aufleben.<\/p>\n<p>In der 15-j\u00e4hrigen Zusammenarbeit der Musiker, organisiert von Andreas Griesbacher, hat sich die Band mit seinen 2 S\u00e4ngerInnen, 5 Saxophonen, 4 Posaunen, 4 Trompeten und der 4-k\u00f6pfigen Rhythmusgruppe dem Swing verschrieben, um dem fantastischen Sound der damaligen Zeit mit den gro\u00dfen Big Band Leadern der \u201eGoldenen \u00c4ra des Swing\u201c, wie Tommy Dorsey, Glenn Miller, Jimmy Dorsey, Harry James, Count Basie, Artie Shaw, Lionel Hampton und Duke Ellington m\u00f6glichst nahe zu kommen.<\/p>\n<p>Sigi Feigl ist Garant f\u00fcr authentische Interpretation dieser zeitlosen Musik.<\/p>\n<p>--------------------------------------------<\/p>\n<p>Konzertprogramm: A Story of Swing<\/p>\n<p>Das Programm zum 15-Jahr-Jubil\u00e4um der Bigband bringt einen Querschnitt der Entwicklung des Swing, von den gro\u00dfen Bigbands der 1940er, \u00fcber Count Basie der 1950er, bis zu den bombastischen Shows eines Frank Sinatra im Las Vegas der 1960er.<\/p>\n<p>--------------------------------------------<\/p>\n<p>Konzertprogramm: Swing meets Latin<\/p>\n<p>Das steirische Spitzenpaar Sara Griesbacher und Philipp Ladler umrahmen dieses Konzert den H\u00f6rgenuss, dessen Inhalte sich in zauberhafter Weise zu einer Geschichte f\u00fcgen. Freude, Streit und Leidenschaft \u2013 Emotionen, die durch die Interaktion von Klangerlebnis \u201eBig Band\u201c, Tanz in Perfektion und die Interpretationen der S\u00e4ngerInnen auf unterschiedlichste Art und Weise gezeigt werden.<\/p>\n<\/div>\n<\/div><\/div><\/div><div id=\"panel-4-0-0-1\" class=\"so-panel widget widget_sow-button\" data-index=\"1\" ><div class=\"so-widget-sow-button so-widget-sow-button-atom-ba64f2b66072-4\"><div class=\"ow-button-base ow-button-align-center\">\n\t<a href=\"https:\/\/www.facebook.com\/bigbandgrazsued?fref=ts\" class=\"ow-icon-placement-left ow-button-hover\" target=\"_blank\" rel=\"noopener noreferrer\" \t\t>\n\t\t<span>\n\t\t\t\n\t\t\tFacebook\t\t<\/span>\n\t<\/a>\n<\/div>\n<\/div><\/div><div id=\"panel-4-0-0-2\" class=\"so-panel widget widget_sow-editor panel-last-child\" data-index=\"2\" ><div class=\"so-widget-sow-editor so-widget-sow-editor-base\">\n<div class=\"siteorigin-widget-tinymce textwidget\">\n\t<p style=\"text-align: center;\">\u00a0<\/p>\n<p style=\"text-align: center;\">Die Big Band Graz S\u00fcd versteht sich als Musizierplattform f\u00fcr Swing und Jazz im Rahmen des Musikvereines V\u00d6M G\u00f6ssendorf und hatte 2004 anl\u00e4sslich der Markterhebungsfeier der Gemeinde G\u00f6ssendorf ihren ersten Auftritt.<\/p>\n<p style=\"text-align: center;\">Besonderer Dank und Anerkennung gilt der Gemeinde G\u00f6ssendorf mit Herrn B\u00fcrgermeister \u00a0DI (FH) Gerald <em>Wonner<\/em>, damit\u00a0 Rahmenbedingungen entstehen konnten, um \u00a0in G\u00f6ssendorf musizieren zu k\u00f6nnen. Einen herzlichen Dank allen Spendern und G\u00f6nnern f\u00fcr die Unterst\u00fctzung des Musikvereines V\u00d6M G\u00f6ssendorf<\/p>\n<p style=\"text-align: center;\">Verein zur F\u00f6rderung des \u00f6rtlich-gemeinschaftlichen Musizierens <br \/>ZVR: 574463512<\/p>\n<\/div>\n<\/div><\/div><\/div><\/div><\/div><\/div>","protected":false},"excerpt":{"rendered":"<p>Leidenschaft zur Musik verbindet 18 Musiker und 2 S\u00e4nger und lassen die magischen Momente der Golden Swing \u00c4ra wieder aufleben. In der 15-j\u00e4hrigen Zusammenarbeit der Musiker, organisiert von Andreas Griesbacher, hat sich die Band mit seinen 2 S\u00e4ngerInnen, 5 Saxophonen, 4 Posaunen, 4 Trompeten und der 4-k\u00f6pfigen Rhythmusgruppe dem Swing verschrieben, um dem fantastischen Sound [&hellip;]<\/p>\n","protected":false},"author":1,"featured_media":0,"parent":0,"menu_order":0,"comment_status":"closed","ping_status":"closed","template":"page-templates\/page_front-page.php","meta":{"ngg_post_thumbnail":0},"_links":{"self":[{"href":"https:\/\/xn--bigbandgrazsd-7ob.at\/index.php\/wp-json\/wp\/v2\/pages\/4"}],"collection":[{"href":"https:\/\/xn--bigbandgrazsd-7ob.at\/index.php\/wp-json\/wp\/v2\/pages"}],"about":[{"href":"https:\/\/xn--bigbandgrazsd-7ob.at\/index.php\/wp-json\/wp\/v2\/types\/page"}],"author":[{"embeddable":true,"href":"https:\/\/xn--bigbandgrazsd-7ob.at\/index.php\/wp-json\/wp\/v2\/users\/1"}],"replies":[{"embeddable":true,"href":"https:\/\/xn--bigbandgrazsd-7ob.at\/index.php\/wp-json\/wp\/v2\/comments?post=4"}],"version-history":[{"count":54,"href":"https:\/\/xn--bigbandgrazsd-7ob.at\/index.php\/wp-json\/wp\/v2\/pages\/4\/revisions"}],"predecessor-version":[{"id":873,"href":"https:\/\/xn--bigbandgrazsd-7ob.at\/index.php\/wp-json\/wp\/v2\/pages\/4\/revisions\/873"}],"wp:attachment":[{"href":"https:\/\/xn--bigbandgrazsd-7ob.at\/index.php\/wp-json\/wp\/v2\/media?parent=4"}],"curies":[{"name":"wp","href":"https:\/\/api.w.org\/{rel}","templated":true}]}}